{"id":4048,"date":"2025-07-21T14:57:46","date_gmt":"2025-07-21T14:57:46","guid":{"rendered":"https:\/\/www.iccs-meeting.org\/iccs2025\/?page_id=4048"},"modified":"2025-07-21T15:04:27","modified_gmt":"2025-07-21T15:04:27","slug":"presentations-lite","status":"publish","type":"page","link":"https:\/\/www.iccs-meeting.org\/iccs2025\/presentations-lite\/","title":{"rendered":"Presentations &#8211; LITE"},"content":{"rendered":"\n<p>This page features the presentation slides from those ICCS authors whose papers were accepted for inclusion in the proceedings, but who were not able to join the conference in-person (&#8220;LITE&#8221; registration type).<\/p>\n\n\n\n<p>As the submission of the presentation slides is entirely optional, this page lists only a subset of the total papers registered under LITE mode.<\/p>\n\n\n\n<p>Please see the table below for titles, authors, and links to the presentation files. Do feel free to reach out directly to the authors with any questions, using the contacts provided in the presentations.<\/p>\n\n\n\n<table>\n\t<thead>\n\t\t<tr>\n\t\t        <td><strong>Title &amp; Link<\/strong><\/td>\n\t\t\t<td><strong>Authors<\/strong><\/td>\n\t\t<\/tr>\n\t<\/thead>\t\t\t\t\n\t<tbody>\n\t\t<tr>\n\t\t\t<td><a href=\"https:\/\/iccs-meeting.org\/archive\/iccs2025\/presentations\/4_Reversible_Data_Hiding_in_Encrypted_Images_with_Pixel_Prediction_and_ERLE_Compression.pdf\" target=\"_blank\">Reversible Data Hiding in Encrypted Images with Pixel Prediction and ERLE Compression<\/a><\/td>\n\t\t\t<td>Remigiusz Martyniak and Mariusz Dzwonkowski<\/td>\n\t\t<\/tr>\n\t\t<tr>\n\t\t\t<td><a href=\"https:\/\/iccs-meeting.org\/archive\/iccs2025\/presentations\/64_Dual_Adaptive_Windows_toward_Concept-Drift_in_Online_Network_Intrusion_Detection.pdf\" target=\"_blank\">Dual Adaptive Windows toward Concept-Drift in Online Network Intrusion Detection<\/a><\/td>\n\t\t\t<td>Xiaowei Hu, Duohe Ma, Wen Wang and Feng Liu<\/td>\n\t\t<\/tr>\n\t\t<tr>\n\t\t\t<td><a href=\"https:\/\/iccs-meeting.org\/archive\/iccs2025\/presentations\/77_Understanding%20the%20Limitations%20of%20Deep%20Transformer%20Models%20for%20Sea%20Ice%20Forecasting.pptx\" target=\"_blank\">Understanding the Limitations of Deep Transformer Models for Sea Ice Forecasting<\/a><\/td>\n\t\t\t<td>Julia Borisova, Andrey Kuznetsov, Gleb Solovev, Nikolay O. Nikitin<\/td>\n\t\t<\/tr>\n\t\t<tr>\n\t\t\t<td><a href=\"https:\/\/iccs-meeting.org\/archive\/iccs2025\/presentations\/84_Domain%20Specific%20Language%20for%20Materials%20Modeling.pptx\" target=\"_blank\">Domain Specific Language for Materials Modeling<\/a><\/td>\n\t\t\t<td>Ivan Kondov, Rodrigo Cort\u00e9s Mej\u00eda, Marvin M\u00fcller, Nikolai Pfisterer and Sruthy Sreenivasan<\/td>\n\t\t<\/tr>\n\t\t<tr>\n\t\t\t<td><a href=\"https:\/\/iccs-meeting.org\/archive\/iccs2025\/presentations\/109_Cattle_Identification_using_2D_Mask_Retention_Network.pptx\" target=\"_blank\">Cattle Identification using 2D Mask Retention Network<\/a><\/td>\n\t\t\t<td>Niraj Kumar, Sakshi Ranjan and Sanjay Kumar Singh<\/td>\n\t\t<\/tr>\n\t\t<tr>\n\t\t\t<td><a href=\"https:\/\/iccs-meeting.org\/archive\/iccs2025\/presentations\/150_MTL-FECAM_%20Bridging%20the%20stability-plasticity%20tradeoff%20in%20Exemplar-free%20Continual%20Learning.pdf\" target=\"_blank\">MTL-FECAM: Bridging the stability-plasticity tradeoff in Exemplar-free Continual Learning<\/a><\/td>\n\t\t\t<td>Sakshi Ranjan, Niraj Kumar, Jatin Kumar and Sanjay Kumar Singh<\/td>\n\t\t<\/tr>\n\t\t<tr>\n\t\t\t<td><a href=\"https:\/\/iccs-meeting.org\/archive\/iccs2025\/presentations\/181_Advances%20in%20Adapting%20Memory-Bound%20CFDComputations%20to%20RISC-V%20Multicore%20Architecture.pdf\" target=\"_blank\">Advances in Adapting Memory-Bound CFDComputations to RISC-V Multicore Architecture<\/a><\/td>\n\t\t\t<td>Tomasz Olas, Lukasz Szustak, Roman Wyrzykowski, Mateusz Olas and Marco Lapegna<\/td>\n\t\t<\/tr>\n\t\t<tr>\n\t\t\t<td><a href=\"https:\/\/iccs-meeting.org\/archive\/iccs2025\/presentations\/201_Optimizing%20U-Net%20Architecture%20Using%20Differential%20Evolution%20for%20Brain%20Tumor%20Segmentation.pdf\" target=\"_blank\">Optimizing U-Net Architecture Using Differential Evolution for Brain Tumor Segmentation<\/a><\/td>\n\t\t\t<td>Shoffan Saifullah and Rafa\u0142 Dre\u017cewski1<\/td>\n\t\t<\/tr>\n\t\t<tr>\n\t\t\t<td><a href=\"https:\/\/iccs-meeting.org\/archive\/iccs2025\/presentations\/206_Contrast%20Computation%20for%20Improved%20Visibility%20and%20User%20Experience%20in%20Educational%20Interfaces.pdf\" target=\"_blank\">Contrast Computation for Improved Visibility and User Experience in Educational Interfaces<\/a><\/td>\n\t\t\t<td>Agnieszka Olejnik-Krug\u0142y, Anna Lewandowska, Maja Dzi\u015bko, Jaros\u0142aw Jankowski<\/td>\n\t\t<\/tr>\n\t\t<tr>\n\t\t\t<td><a href=\"https:\/\/iccs-meeting.org\/archive\/iccs2025\/presentations\/216_Influence%20of%20Mixed%20Precision%20on%20Performance%20and%20Accuracy%20of%20DNN%20Training%20for%20AI-Accelerated%20CFD%20Simulations%20on%20NVIDIA%20Multi-GPU%20System.pdf\" target=\"_blank\">Influence of Mixed Precision on Performance and Accuracy of DNN Training for AI-Accelerated CFD Simulations on NVIDIA Multi-GPU System<\/a><\/td>\n\t\t\t<td>Kamil Halbiniak, Krzysztof Rojek, Roman Wyrzykowski, Pawe\u0142 Gepner and Norbert Meyer<\/td>\n\t\t<\/tr>\n\t\t<tr>\n\t\t\t<td><a href=\"https:\/\/iccs-meeting.org\/archive\/iccs2025\/presentations\/225_Detecting%20potential%20HIV%20inhibitors%20using%20the%20Cross%20Siamese%20Network.pdf\" target=\"_blank\">Detecting potential HIV inhibitors using the Cross Siamese Network<\/a><\/td>\n\t\t\t<td>Konrad Witkowskia, Agnieszka Duraja, Piotr S. Szczepaniaka<\/td>\n\t\t<\/tr>\n\t\t<tr>\n\t\t\t<td><a href=\"https:\/\/iccs-meeting.org\/archive\/iccs2025\/presentations\/228_Multicriteria%20Famework%20For%20Digital%20Content%20Design%20And%20Evaluation%20In%20Cross-Generational%20Targeting.pdf\" target=\"_blank\">Multicriteria Famework For Digital Content Design And Evaluation In Cross-Generational Targeting<\/a><\/td>\n\t\t\t<td>Agnieszka Olejnik-Krug\u0142y, Kamil Bortko, Gracjan Jasnos, Jaros\u0142aw Jankowski<\/td>\n\t\t<\/tr>\n\t\t<tr>\n\t\t\t<td><a href=\"https:\/\/iccs-meeting.org\/archive\/iccs2025\/presentations\/271_Service-Oriented%20Architecture_%20Learning%20with%20Generative%20AI%20and%20AWS.pdf\" target=\"_blank\">Service-Oriented Architecture: Learning with Generative AI and AWS (.pdf)<\/a> (or <a href=\"https:\/\/iccs-meeting.org\/archive\/iccs2025\/presentations\/271_Service-Oriented%20Architecture_%20Learning%20with%20Generative%20AI%20and%20AWS.pptx\" target=\"_blank\">.pptx<\/a>)<\/td>\n\t\t\t<td>Marcela Castro Le\u00f3n, Dolores Rexachs, Emilio Luque<\/td>\n\t\t<\/tr>\n\t\t<tr>\n\t\t\t<td><a href=\"https:\/\/iccs-meeting.org\/archive\/iccs2025\/presentations\/274_Computational%20Risk%20Assessment%20in%20Water%20Distribution%20Network.pdf\" target=\"_blank\">Computational Risk Assessment in Water Distribution Network<\/a><\/td>\n\t\t\t<td>Yas Barzegar, Atrin Barzegar, Stefano Marrone, Laura Verde, Francesco Bellini, and Patrizio Pisani<\/td>\n\t\t<\/tr>\n\t\t<tr>\n\t\t\t<td><a href=\"https:\/\/iccs-meeting.org\/archive\/iccs2025\/presentations\/380_MAVS_%20An%20Ensemble-Based%20Multi-Agent%20Framework%20for%20Fake%20News%20Detection.pdf\" target=\"_blank\">MAVS: An Ensemble-Based Multi-Agent Framework for Fake News Detection<\/a> (or <a href=\"https:\/\/iccs-meeting.org\/archive\/iccs2025\/presentations\/380_MAVS_%20An%20Ensemble-Based%20Multi-Agent%20Framework%20for%20Fake%20News%20Detection.pptx\" target=\"_blank\">.pptx<\/a>)<\/td>\n\t\t\t<td>Dhruv Tyagi, Anurag Singh and Hocine Cherifi<\/td>\n\t\t<\/tr>\n\t\t<tr>\n\t\t\t<td><a href=\"https:\/\/iccs-meeting.org\/archive\/iccs2025\/presentations\/434_Centrality_Resilience_in_Complex_Networks.pdf\" target=\"_blank\">Centrality Resilience in Complex Networks<\/a><\/td>\n\t\t\t<td>Fariba Irany, Turja Kundu, Soumya Sarkar, Animesh Mukherjee and Sanjukta Bhowmick<\/td>\n\t\t<\/tr>\n\t\t<tr>\n\t\t\t<td><a href=\"https:\/\/iccs-meeting.org\/archive\/iccs2025\/presentations\/438_WebAA_%20Website%20Association%20Analysis%20via%20Multi-Resource%20Similarity%20Computation.pdf\" target=\"_blank\">WebAA: Website Association Analysis via Multi-Resource Similarity Computation<\/a><\/td>\n\t\t\t<td>Taiyao Zhang, Dongzheng Jia, Xingyu Fu, Zhihao Zhang, Qingyun Liu<\/td>\n\t\t<\/tr>\n\t\t<tr>\n\t\t\t<td><a href=\"https:\/\/iccs-meeting.org\/archive\/iccs2025\/presentations\/474_Physics%20Informed%20Neural%20Networks%20for%20a%20Wigner-Fokker-Planck%20model%20of%20Open%20Quantum%20Systems.pdf\" target=\"_blank\">Physics Informed Neural Networks for a Wigner-Fokker-Planck model of Open Quantum Systems<\/a><\/td>\n\t\t\t<td>Isaul Garcia and Jose Morales<\/td>\n\t\t<\/tr>\n\t\t<tr>\n\t\t\t<td><a href=\"https:\/\/iccs-meeting.org\/archive\/iccs2025\/presentations\/475_Informing%20the%20neural%20network%20activation%20function%20with%20graph%20centrality%20measures_%20the%20case%20study%20of%20oscillating%20chemical%20reaction%20simulation.pdf\" target=\"_blank\">Informing the neural network activation function with graph centrality measures: the case study of oscillating chemical reaction simulation<\/a><\/td>\n\t\t\t<td>Paola Lecca\t<\/td>\n\t\t<\/tr>\n\t<\/tbody>\n<\/table>\n\n\n\n<div style=\"height:150px\" aria-hidden=\"true\" class=\"wp-block-spacer\"><\/div>\n","protected":false},"excerpt":{"rendered":"<p>This page features the presentation slides from those ICCS authors whose papers were accepted for inclusion in the proceedings, but who were not able to join the conference in-person (&#8220;LITE&#8221; registration type). As the submission of the presentation slides is entirely optional, this page lists only a subset of the total papers registered under LITE &#8230; <a title=\"Presentations &#8211; LITE\" class=\"read-more\" href=\"https:\/\/www.iccs-meeting.org\/iccs2025\/presentations-lite\/\" aria-label=\"Read more about Presentations &#8211; LITE\">Read more<\/a><\/p>\n","protected":false},"author":2,"featured_media":0,"parent":0,"menu_order":0,"comment_status":"closed","ping_status":"closed","template":"","meta":{"footnotes":""},"class_list":["post-4048","page","type-page","status-publish"],"_links":{"self":[{"href":"https:\/\/www.iccs-meeting.org\/iccs2025\/wp-json\/wp\/v2\/pages\/4048","targetHints":{"allow":["GET"]}}],"collection":[{"href":"https:\/\/www.iccs-meeting.org\/iccs2025\/wp-json\/wp\/v2\/pages"}],"about":[{"href":"https:\/\/www.iccs-meeting.org\/iccs2025\/wp-json\/wp\/v2\/types\/page"}],"author":[{"embeddable":true,"href":"https:\/\/www.iccs-meeting.org\/iccs2025\/wp-json\/wp\/v2\/users\/2"}],"replies":[{"embeddable":true,"href":"https:\/\/www.iccs-meeting.org\/iccs2025\/wp-json\/wp\/v2\/comments?post=4048"}],"version-history":[{"count":3,"href":"https:\/\/www.iccs-meeting.org\/iccs2025\/wp-json\/wp\/v2\/pages\/4048\/revisions"}],"predecessor-version":[{"id":4052,"href":"https:\/\/www.iccs-meeting.org\/iccs2025\/wp-json\/wp\/v2\/pages\/4048\/revisions\/4052"}],"wp:attachment":[{"href":"https:\/\/www.iccs-meeting.org\/iccs2025\/wp-json\/wp\/v2\/media?parent=4048"}],"curies":[{"name":"wp","href":"https:\/\/api.w.org\/{rel}","templated":true}]}}