{"id":3311,"date":"2023-06-24T12:53:42","date_gmt":"2023-06-24T12:53:42","guid":{"rendered":"https:\/\/www.iccs-meeting.org\/iccs2024\/?page_id=3311"},"modified":"2024-06-29T14:50:15","modified_gmt":"2024-06-29T14:50:15","slug":"the-venue-how-to-get-there","status":"publish","type":"page","link":"https:\/\/www.iccs-meeting.org\/iccs2024\/the-venue-how-to-get-there\/","title":{"rendered":"The Venue &#8211; How to Get There"},"content":{"rendered":"\n<p class=\"text_justify\">As mentioned in the <a href=\"https:\/\/www.iccs-meeting.org\/iccs2024\/uma\/\" data-type=\"page\" data-id=\"58\">main venue page<\/a>, ICCS &#8217;24 will be hosted by the <a href=\"https:\/\/www.uma.es\/?set_language=en\" target=\"_blank\" rel=\"noreferrer noopener\">University of M\u00e1laga<\/a>, at the <a href=\"https:\/\/www.uma.es\/ETSI-informatica\" target=\"_blank\" rel=\"noreferrer noopener\">School of Computer Science and Engineering (ETSI Inform\u00e1tica)<\/a> in the <a href=\"https:\/\/www.uma.es\/conoce-la-uma\/info\/7033\/teatinos\/\" target=\"_blank\" rel=\"noreferrer noopener\">Teatinos campus<\/a>. The address is:<\/p>\n\n\n\n<p><strong>University of M\u00e1laga<\/strong><br><strong>School of Computer Science and Engineering<\/strong><br>Blvr. Louis Pasteur, 35, Puerto de la Torre<br>29071 M\u00e1laga<br>Spain<\/p>\n\n\n\n<p>Please read below for detailed instructions on how to get there.<\/p>\n\n\n\n<div style=\"height:30px\" aria-hidden=\"true\" class=\"wp-block-spacer\"><\/div>\n\n\n\n<h3 class=\"wp-block-heading\">Quick Links<\/h3>\n\n\n\n<div style=\"margin-bottom: 30px;\">\n<a href=\"#airport_to_center\">From M\u00e1laga Airport to M\u00e1laga City<\/a>&nbsp;&nbsp;|&nbsp;&nbsp;<a href=\"#center_to_uni\">From \nthe center to the University<\/a>&nbsp;&nbsp;|&nbsp;&nbsp;<a href=\"#at_the_uni\">At the University<\/a>\n<\/div>\n\n\n\n<a id=\"airport_to_center\">&nbsp;<\/a>\n\n\n\n<h3 class=\"wp-block-heading\">From M\u00e1laga Airport to M\u00e1laga City<\/h3>\n\n\n\n<h5 class=\"wp-block-heading justified\">By local train<\/h5>\n\n\n\n<p class=\"text_justify\">Take&nbsp;<strong>Line C-1<\/strong>&nbsp;from the airport to the city center. You don\u00b4t need to change, it\u00b4s a direct train. The journey takes only&nbsp;12 minutes, and the standard fare is 1.80 EUR. The  stop closest to the city center is &#8220;Centro Alameda&#8221;, from which you can easily walk to anywhere in the center. <\/p>\n\n\n\n<p class=\"text_justify\">You can also hop off at M\u00e1laga&#8217;s central transportation hub, station &#8220;Mar\u00eda Zambrano&#8221;, and then connect with the metro (station &#8220;El Perchel&#8221; is right by) or the long and medium-distance trains to anywhere in Spain.<\/p>\n\n\n\n<p class=\"text_justify\">The train runs every 20-40 minutes depending on the time and day of the week. You can check the schedule at:<br><a href=\"https:\/\/www.renfe.com\/es\/en\/suburban\/suburban-malaga\/timetables\" target=\"_blank\" rel=\"noreferrer noopener\">Renfe &#8211; Horarios de Cercan\u00edas M\u00e1laga<\/a><\/p>\n\n\n\n<p class=\"text_justify\">For further information on taking the train from the airport to the city, the excellent <a href=\"https:\/\/www.malagaairport.eu\/airport\/airport-trains.php\" target=\"_blank\" rel=\"noreferrer noopener\">M\u00e1laga Airport .eu<\/a> walks you through every little detail.<\/p>\n\n\n\n<h5 class=\"wp-block-heading\">By bus<\/h5>\n\n\n\n<p class=\"text_justify\">Take the<strong> &#8220;A&#8221;<\/strong>&nbsp; <strong>Airport Express (&#8220;Aeropuerto Expr\u00e9s&#8221;)<\/strong> to the city center. There are 10 stops along the way, the main ones being &#8220;Maria Zambrano&#8221; train station, bus station (&#8220;Estaci\u00f3n Autobuses), Avda. Andaluc\u00eda and Alameda Principal. The journey takes close to 30 minutes, and the standard fare is 4 EUR. You can buy your ticket (have cash ready) directly from the driver.<\/p>\n\n\n\n<p class=\"text_justify\">The Airport Express starts working at 7:00 am and stops at 12:00 midnight. It runs every 30-45 minutes. You can check the timetable at:<br><a href=\"https:\/\/www.emtmalaga.es\/es\/linea-express-aeropuerto\" target=\"_blank\" rel=\"noreferrer noopener\">EMT M\u00e1laga &#8211; Airport Express<\/a><\/p>\n\n\n\n<p class=\"text_justify\">For further information, <a href=\"https:\/\/www.malagaairport.eu\/buses.php\" target=\"_blank\" rel=\"noreferrer noopener\">M\u00e1laga Airport .eu<\/a> has all the details on bus connections to\/from the airport.<\/p>\n\n\n\n<h5 class=\"wp-block-heading\">By Taxi\/Bolt\/Uber\/Other<\/h5>\n\n\n\n<p class=\"text_justify\">The airport taxi stand is outside Terminal 3, Floor 0, Arrivals area.&nbsp; The journey takes between 20 and 30 minutes, depending on traffic conditions, and costs around 25-30 EUR. Taxis are available 24\/7, but you can also call +34 952 327 200.<\/p>\n\n\n\n<p class=\"text_justify\">Bolt\/Uber rides or similar will take approximately the same time as the taxi, but usually cost a little less, around 15-20 EUR.<\/p>\n\n\n\n<p class=\"text_justify\">For further information on taxis at M\u00e1laga Airport, refer to <a href=\"https:\/\/www.malagaairport.eu\/taxis.php\" target=\"_blank\" rel=\"noreferrer noopener\">M\u00e1laga Airport. eu<\/a>.<\/p>\n\n\n\n<a id=\"center_to_uni\">&nbsp;<\/a>\n\n\n\n<h3 class=\"wp-block-heading\">From the Center to the University<\/h3>\n\n\n\n<h5 class=\"wp-block-heading\">By Metro<\/h5>\n\n\n\n<p class=\"text_justify\">This is by far the easiest option, and the one we recommend. Take <a href=\"https:\/\/metromalaga.es\/en\/lines-maps\/\" target=\"_blank\" rel=\"noreferrer noopener\">Metro Line 1 (L1)<\/a> (if you happen to be closer to Line 2, you can change to Line 1 at &#8220;El Perchel&#8221;), direction \u201cAndalucia Tech\u201d, and exit at &#8220;Cl\u00ednico&#8221; (do not exit at &#8220;Universidad&#8221; &#8211; it&#8217;s farther away). Then walk 2 minutes to ETSI Inform\u00e1tica (School of Computer Science and Engineering), which you can see from the station. The trip takes about 15 minutes and the standard fare is 1.35 EUR for one trip, or 0.80 EUR each trip if you buy a prepaid card.<\/p>\n\n\n<div class=\"wp-block-image\">\n<figure class=\"aligncenter size-large\"><img loading=\"lazy\" decoding=\"async\" width=\"1024\" height=\"406\" src=\"https:\/\/www.iccs-meeting.org\/iccs2024\/wp-content\/uploads\/2024\/06\/ETSI_front_mod-1024x406.jpeg\" alt=\"\" class=\"wp-image-3687\" srcset=\"https:\/\/www.iccs-meeting.org\/iccs2024\/wp-content\/uploads\/2024\/06\/ETSI_front_mod-1024x406.jpeg 1024w, https:\/\/www.iccs-meeting.org\/iccs2024\/wp-content\/uploads\/2024\/06\/ETSI_front_mod-300x119.jpeg 300w, https:\/\/www.iccs-meeting.org\/iccs2024\/wp-content\/uploads\/2024\/06\/ETSI_front_mod-768x305.jpeg 768w, https:\/\/www.iccs-meeting.org\/iccs2024\/wp-content\/uploads\/2024\/06\/ETSI_front_mod.jpeg 1172w\" sizes=\"auto, (max-width: 1024px) 100vw, 1024px\" \/><\/figure>\n<\/div>\n\n\n<div style=\"height:30px\" aria-hidden=\"true\" class=\"wp-block-spacer\"><\/div>\n\n\n\n<p class=\"text_justify\">If you find yourself elsewhere in the campus, no problem. Just refer to the <a href=\"https:\/\/www.uma.es\/conoce-la-uma\/info\/7033\/teatinos\/\" target=\"_blank\" rel=\"noreferrer noopener\">University of M\u00e1laga&#8217;s map of Teatinos Campus<\/a> for easy navigation. ETSI Inform\u00e1tica is #2 on the map.<\/p>\n\n\n\n<h5 class=\"wp-block-heading\">By Bus<\/h5>\n\n\n\n<p class=\"text_justify\">The most convenient bus line is #11. Buses run every 10-15 min and the trip lasts between 15 and 20 min., depending on traffic conditions. You can take it dowhtown at the Alameda Ave., for example, and then hop off at \u201cHospital Cl\u00ednico\u201d. ETSI Inform\u00e1tica is 50m away from the bus stop. A bus ticket costs 1.30 EUR. <\/p>\n\n\n\n<a id=\"at_the_uni\">&nbsp;<\/a>\n\n\n\n<h3 class=\"wp-block-heading\">At the University<\/h3>\n\n\n\n<p class=\"text_justify\">Once you get to the main ETSI Inform\u00e1tica building, take the stairs\/lift down to level 0, where the conference takes place. Use the map below to navigate the different conference areas, and be sure to stop at the registration desk first to pick up your ID. It&#8217;s a very easy setup, with everything happening in the same building and on the same floor.<\/p>\n\n\n<div class=\"wp-block-image\">\n<figure class=\"aligncenter size-full\"><a href=\"https:\/\/www.iccs-meeting.org\/iccs2024\/wp-content\/uploads\/2024\/06\/map_ICCS-2.png\"><img loading=\"lazy\" decoding=\"async\" width=\"800\" height=\"585\" src=\"https:\/\/www.iccs-meeting.org\/iccs2024\/wp-content\/uploads\/2024\/06\/map_ICCS-2.png\" alt=\"\" class=\"wp-image-3728\" srcset=\"https:\/\/www.iccs-meeting.org\/iccs2024\/wp-content\/uploads\/2024\/06\/map_ICCS-2.png 800w, https:\/\/www.iccs-meeting.org\/iccs2024\/wp-content\/uploads\/2024\/06\/map_ICCS-2-300x219.png 300w, https:\/\/www.iccs-meeting.org\/iccs2024\/wp-content\/uploads\/2024\/06\/map_ICCS-2-768x562.png 768w\" sizes=\"auto, (max-width: 800px) 100vw, 800px\" \/><\/a><\/figure>\n<\/div>\n\n\n<div style=\"height:30px\" aria-hidden=\"true\" class=\"wp-block-spacer\"><\/div>\n\n\n\n<p class=\"text_justify\">We have also prepared a quick video on how to enter the building and locate the conference registration:<\/p>\n\n\n\n<figure class=\"wp-block-embed is-type-video is-provider-youtube wp-block-embed-youtube wp-embed-aspect-16-9 wp-has-aspect-ratio\"><div class=\"wp-block-embed__wrapper\">\nhttps:\/\/youtu.be\/MKcXi1RcsHs\n<\/div><\/figure>\n\n\n\n<div style=\"height:100px\" aria-hidden=\"true\" class=\"wp-block-spacer\"><\/div>\n","protected":false},"excerpt":{"rendered":"<p>As mentioned in the main venue page, ICCS &#8217;24 will be hosted by the University of M\u00e1laga, at the School of Computer Science and Engineering (ETSI Inform\u00e1tica) in the Teatinos campus. The address is: University of M\u00e1lagaSchool of Computer Science and EngineeringBlvr. Louis Pasteur, 35, Puerto de la Torre29071 M\u00e1lagaSpain Please read below for detailed &#8230; <a title=\"The Venue &#8211; How to Get There\" class=\"read-more\" href=\"https:\/\/www.iccs-meeting.org\/iccs2024\/the-venue-how-to-get-there\/\" aria-label=\"Read more about The Venue &#8211; How to Get There\">Read more<\/a><\/p>\n","protected":false},"author":2,"featured_media":0,"parent":0,"menu_order":0,"comment_status":"closed","ping_status":"closed","template":"","meta":{"footnotes":""},"class_list":["post-3311","page","type-page","status-publish"],"_links":{"self":[{"href":"https:\/\/www.iccs-meeting.org\/iccs2024\/wp-json\/wp\/v2\/pages\/3311","targetHints":{"allow":["GET"]}}],"collection":[{"href":"https:\/\/www.iccs-meeting.org\/iccs2024\/wp-json\/wp\/v2\/pages"}],"about":[{"href":"https:\/\/www.iccs-meeting.org\/iccs2024\/wp-json\/wp\/v2\/types\/page"}],"author":[{"embeddable":true,"href":"https:\/\/www.iccs-meeting.org\/iccs2024\/wp-json\/wp\/v2\/users\/2"}],"replies":[{"embeddable":true,"href":"https:\/\/www.iccs-meeting.org\/iccs2024\/wp-json\/wp\/v2\/comments?post=3311"}],"version-history":[{"count":28,"href":"https:\/\/www.iccs-meeting.org\/iccs2024\/wp-json\/wp\/v2\/pages\/3311\/revisions"}],"predecessor-version":[{"id":3775,"href":"https:\/\/www.iccs-meeting.org\/iccs2024\/wp-json\/wp\/v2\/pages\/3311\/revisions\/3775"}],"wp:attachment":[{"href":"https:\/\/www.iccs-meeting.org\/iccs2024\/wp-json\/wp\/v2\/media?parent=3311"}],"curies":[{"name":"wp","href":"https:\/\/api.w.org\/{rel}","templated":true}]}}