{"id":3293,"date":"2023-06-24T10:59:02","date_gmt":"2023-06-24T10:59:02","guid":{"rendered":"https:\/\/www.iccs-meeting.org\/iccs2024\/?page_id=3293"},"modified":"2024-07-12T16:03:21","modified_gmt":"2024-07-12T16:03:21","slug":"conference-dinner","status":"publish","type":"page","link":"https:\/\/www.iccs-meeting.org\/iccs2024\/conference-dinner\/","title":{"rendered":"Conference Dinner"},"content":{"rendered":"\n<h3 class=\"wp-block-heading margin_bottom_15\">Dinner at the Kaleido M\u00e1laga Port | July 3 &#8211; 20:30<\/h3>\n\n\n\n<p class=\"text_justify\">The <a href=\"https:\/\/kaleidomalaga.com\/\" target=\"_blank\" rel=\"noreferrer noopener\">Kaleido M\u00e1laga Port<\/a> is one of the best places for a Summer evening in M\u00e1laga. Located in the new area of M\u00e1laga Port (Palmeral de las Sorpresas), the Kaleido offers a number of specialties of Mediterranean cuisine, blending innovation and tradition. Sitting next to the sea, the restaurant boasts a prime position when it comes to offering some of the most stunning views of M\u00e1laga.<\/p>\n\n\n\n<p class=\"text_justify\">The ICCS dinner program features an entr\u00e9e of huevos rotos (broken eggs) with ham and foie shavings, followed by seafood cannelloni.  The first main course is salmon with crispy bacon and dill sauce, followed by a second main of beef carrillada with parmentier and fried onion. Leon pie and coffee\/tea wrap up the evening. Water, soft drinks, branded draft beer and red and white wine will be served throughout.<\/p>\n\n\n\n<div style=\"text-align: center;\">\n<iframe loading=\"lazy\" src=\"https:\/\/www.facebook.com\/plugins\/video.php?height=314&#038;href=https%3A%2F%2Fwww.facebook.com%2FKaleidoMalagaPort%2Fvideos%2F880771922749201%2F&#038;show_text=false&#038;width=560&#038;t=0\" width=\"560\" height=\"314\" style=\"border:none;overflow:hidden\" scrolling=\"no\" frameborder=\"0\" allowfullscreen=\"true\" allow=\"autoplay; clipboard-write; encrypted-media; picture-in-picture; web-share\" allowFullScreen=\"true\"><\/iframe>\n<\/div>\n\n\n\n<div style=\"height:30px\" aria-hidden=\"true\" class=\"wp-block-spacer\"><\/div>\n\n\n\n<p class=\"text_justify\">The conference sessions on July 3 end at around 18h30m, giving you almost 2 hours to make your way back to the center (the metro trip is just 15 minutes) and enjoy downtown M\u00e1laga. We will be waiting for you right in front of the restaurant, from 20h20m on. Dinner starts at 20h30m and should last for a couple of hours.<\/p>\n\n\n\n<p class=\"text_justify\">Since the Kaleido is very centrally located, ICCS participants will be able to simply walk their way back to their accommodation or use public transportation if they are staying a little farther away.<\/p>\n\n\n\n<p class=\"text_justify\">The Kaleido M\u00e1laga Port is located at:<br>Palmeral de las sorpresas n\u00ba2, Puerto de M\u00e1laga, 29015 M\u00e1laga, Spain<br>See also the restaurant&#8217;s official webpage at:<br><a href=\"https:\/\/kaleidomalaga.com\/\">https:\/\/kaleidomalaga.com\/<\/a><\/p>\n\n\n\n<p class=\"text_justify\">Instructions on how to get there will be provided later to all registered dinner participants. Once at the conference, please also check the registration desk for the latest updates.<\/p>\n\n\n\n<div style=\"height:200px\" aria-hidden=\"true\" class=\"wp-block-spacer\"><\/div>\n","protected":false},"excerpt":{"rendered":"<p>Dinner at the Kaleido M\u00e1laga Port | July 3 &#8211; 20:30 The Kaleido M\u00e1laga Port is one of the best places for a Summer evening in M\u00e1laga. Located in the new area of M\u00e1laga Port (Palmeral de las Sorpresas), the Kaleido offers a number of specialties of Mediterranean cuisine, blending innovation and tradition. Sitting next &#8230; <a title=\"Conference Dinner\" class=\"read-more\" href=\"https:\/\/www.iccs-meeting.org\/iccs2024\/conference-dinner\/\" aria-label=\"Read more about Conference Dinner\">Read more<\/a><\/p>\n","protected":false},"author":2,"featured_media":0,"parent":0,"menu_order":0,"comment_status":"closed","ping_status":"closed","template":"","meta":{"footnotes":""},"class_list":["post-3293","page","type-page","status-publish"],"_links":{"self":[{"href":"https:\/\/www.iccs-meeting.org\/iccs2024\/wp-json\/wp\/v2\/pages\/3293","targetHints":{"allow":["GET"]}}],"collection":[{"href":"https:\/\/www.iccs-meeting.org\/iccs2024\/wp-json\/wp\/v2\/pages"}],"about":[{"href":"https:\/\/www.iccs-meeting.org\/iccs2024\/wp-json\/wp\/v2\/types\/page"}],"author":[{"embeddable":true,"href":"https:\/\/www.iccs-meeting.org\/iccs2024\/wp-json\/wp\/v2\/users\/2"}],"replies":[{"embeddable":true,"href":"https:\/\/www.iccs-meeting.org\/iccs2024\/wp-json\/wp\/v2\/comments?post=3293"}],"version-history":[{"count":12,"href":"https:\/\/www.iccs-meeting.org\/iccs2024\/wp-json\/wp\/v2\/pages\/3293\/revisions"}],"predecessor-version":[{"id":3752,"href":"https:\/\/www.iccs-meeting.org\/iccs2024\/wp-json\/wp\/v2\/pages\/3293\/revisions\/3752"}],"wp:attachment":[{"href":"https:\/\/www.iccs-meeting.org\/iccs2024\/wp-json\/wp\/v2\/media?parent=3293"}],"curies":[{"name":"wp","href":"https:\/\/api.w.org\/{rel}","templated":true}]}}